{"id":2093,"date":"2014-11-11T20:40:42","date_gmt":"2014-11-11T22:40:42","guid":{"rendered":"http:\/\/www.vagasparana.com.br\/?page_id=2093"},"modified":"2025-06-04T19:40:41","modified_gmt":"2025-06-04T22:40:41","slug":"destacar-vaga","status":"publish","type":"page","link":"https:\/\/www.vagasparana.com.br\/index.php\/destacar-vaga\/","title":{"rendered":"Destacar Vaga"},"content":{"rendered":"<p style=\"text-align: justify;\">A publica\u00e7\u00e3o de vagas em destaque \u00e9 um servi\u00e7o opcional pago para quem deseja dar mais destaque ao seu an\u00fancio de vaga. Com o destaque sua vaga:<\/p>\n<ul>\n<li style=\"list-style-type: none;\">\n<ul>\n<li style=\"text-align: justify;\">A primeira publica\u00e7\u00e3o da vaga permanecer\u00e1 fixada no topo do site em todas as p\u00e1ginas com listagens ou resultados de pesquisas por 3 dias \u00fateis.<\/li>\n<li style=\"text-align: justify;\">O an\u00fancio da vaga \u00e9 repetido no site durante 3 dias \u00fateis, duas vezes por dia, sempre nos hor\u00e1rios de maior tr\u00e1fego de visitantes.<\/li>\n<\/ul>\n<\/li>\n<\/ul>\n<p style=\"text-align: justify;\">S\u00e1bados, domingos e feriados n\u00e3o s\u00e3o contabilizados na contagem do prazo de destaque mas a vaga poder\u00e1 vir a ser repostada tamb\u00e9m nos finais de semana como cortesia. Finalizado o per\u00edodo de destaque a \u00faltima postagem da vaga permanecer\u00e1 no site at\u00e9 que seja solicitada sua remo\u00e7\u00e3o, as demais s\u00e3o exclu\u00eddas para evitar conte\u00fado duplicado no site.<\/p>\n<p style=\"text-align: justify;\">O valor da taxa de destaque atualmente \u00e9 de R$ 21,00, este valor foi alterado pela \u00faltima vez em 06\/11\/2018. O pagamento dever\u00e1 ser feito atrav\u00e9s de PIX e a primeira publica\u00e7\u00e3o da vaga ocorrer\u00e1 menos de 24 horas ap\u00f3s a confirma\u00e7\u00e3o do pagamento.<\/p>\n<p><span style=\"color: #ff0000;\"><strong>N\u00e3o aceitamos mais pagamentos via PagSeguro.<\/strong><\/span><\/p>\n<p style=\"text-align: justify;\">Para destacar uma vaga voc\u00ea deve informar os dados da mesma usando o formul\u00e1rio abaixo. Se a vaga estiver de acordo com as <a href=\"https:\/\/www.vagasparana.com.br\/regras\/\">regras<\/a> do site n\u00f3s lhe enviaremos um e-mail com as instru\u00e7\u00f5es de pagamento em menos de 24 horas \u00fateis.<\/p>\n\n<div class=\"wpcf7 no-js\" id=\"wpcf7-f42584-o1\" lang=\"pt-BR\" dir=\"ltr\" data-wpcf7-id=\"42584\">\n<div class=\"screen-reader-response\"><p role=\"status\" aria-live=\"polite\" aria-atomic=\"true\"><\/p> <ul><\/ul><\/div>\n<form action=\"\/index.php\/wp-json\/wp\/v2\/pages\/2093#wpcf7-f42584-o1\" method=\"post\" class=\"wpcf7-form init\" aria-label=\"Formul\u00e1rios de contato\" novalidate=\"novalidate\" data-status=\"init\">\n<fieldset class=\"hidden-fields-container\"><input type=\"hidden\" name=\"_wpcf7\" value=\"42584\" \/><input type=\"hidden\" name=\"_wpcf7_version\" value=\"6.1.5\" \/><input type=\"hidden\" name=\"_wpcf7_locale\" value=\"pt_BR\" \/><input type=\"hidden\" name=\"_wpcf7_unit_tag\" value=\"wpcf7-f42584-o1\" \/><input type=\"hidden\" name=\"_wpcf7_container_post\" value=\"0\" \/><input type=\"hidden\" name=\"_wpcf7_posted_data_hash\" value=\"\" \/><input type=\"hidden\" name=\"_wpcf7_recaptcha_response\" value=\"\" \/>\n<\/fieldset>\n<p>T\u00edtulo do an\u00fancio (campo obrigat\u00f3rio - sugerimos que use o cargo)\n<\/p>\n<p><span class=\"wpcf7-form-control-wrap\" data-name=\"titulo_anuncio\"><input size=\"40\" maxlength=\"400\" class=\"wpcf7-form-control wpcf7-text wpcf7-validates-as-required\" aria-required=\"true\" aria-invalid=\"false\" value=\"\" type=\"text\" name=\"titulo_anuncio\" \/><\/span>\n<\/p>\n<p>Cidade da vaga (esse campo \u00e9 obrigat\u00f3rio)\n<\/p>\n<p><span class=\"wpcf7-form-control-wrap\" data-name=\"cidade\"><input size=\"40\" maxlength=\"400\" class=\"wpcf7-form-control wpcf7-text wpcf7-validates-as-required cidade\" id=\"cidade\" aria-required=\"true\" aria-invalid=\"false\" value=\"\" type=\"text\" name=\"cidade\" \/><\/span> - PR\n<\/p>\n<p>Principais atribui\u00e7\u00f5es do cargo (esse campo \u00e9 opcional)\n<\/p>\n<p><span class=\"wpcf7-form-control-wrap\" data-name=\"atribuicoes\"><textarea cols=\"40\" rows=\"10\" maxlength=\"2000\" class=\"wpcf7-form-control wpcf7-textarea atribuicoes\" id=\"atribuicoes\" aria-invalid=\"false\" name=\"atribuicoes\"><\/textarea><\/span>\n<\/p>\n<p>Requisitos para o candidato (esse campo \u00e9 opcional)\n<\/p>\n<p><span class=\"wpcf7-form-control-wrap\" data-name=\"requisitos\"><textarea cols=\"40\" rows=\"10\" maxlength=\"2000\" class=\"wpcf7-form-control wpcf7-textarea requisitos\" id=\"requisitos\" aria-invalid=\"false\" name=\"requisitos\"><\/textarea><\/span>\n<\/p>\n<p>Jornada de trabalho (esse campo \u00e9 opcional)\n<\/p>\n<p><span class=\"wpcf7-form-control-wrap\" data-name=\"jornada\"><textarea cols=\"40\" rows=\"10\" maxlength=\"2000\" class=\"wpcf7-form-control wpcf7-textarea jornada\" id=\"jornada\" aria-invalid=\"false\" name=\"jornada\"><\/textarea><\/span>\n<\/p>\n<p>Sal\u00e1rio oferecido (esse campo \u00e9 opcional)\n<\/p>\n<p><span class=\"wpcf7-form-control-wrap\" data-name=\"salario\"><input size=\"40\" maxlength=\"400\" class=\"wpcf7-form-control wpcf7-text salario\" id=\"salario\" aria-invalid=\"false\" value=\"\" type=\"text\" name=\"salario\" \/><\/span>\n<\/p>\n<p>Benef\u00edcios oferecidos (esse campo \u00e9 opcional)\n<\/p>\n<p><span class=\"wpcf7-form-control-wrap\" data-name=\"beneficios\"><textarea cols=\"40\" rows=\"10\" maxlength=\"2000\" class=\"wpcf7-form-control wpcf7-textarea beneficios\" id=\"beneficios\" aria-invalid=\"false\" name=\"beneficios\"><\/textarea><\/span>\n<\/p>\n<p>Observa\u00e7\u00f5es (esse campo \u00e9 opcional)\n<\/p>\n<p><span class=\"wpcf7-form-control-wrap\" data-name=\"observacoes\"><input size=\"40\" maxlength=\"400\" class=\"wpcf7-form-control wpcf7-text observacoes\" id=\"observacoes\" aria-invalid=\"false\" value=\"\" type=\"text\" name=\"observacoes\" \/><\/span>\n<\/p>\n<p>E-mail para envio de curr\u00edculos (esse campo \u00e9 obrigat\u00f3rio)\n<\/p>\n<p><span class=\"wpcf7-form-control-wrap\" data-name=\"email_curriculo\"><input size=\"40\" maxlength=\"400\" class=\"wpcf7-form-control wpcf7-email wpcf7-validates-as-required wpcf7-text wpcf7-validates-as-email email_curriculo\" id=\"email_curriculo\" aria-required=\"true\" aria-invalid=\"false\" value=\"\" type=\"email\" name=\"email_curriculo\" \/><\/span>\n<\/p>\n<p>Data m\u00e1xima para recebimento de curr\u00edculos (esse campo \u00e9 opcional)\n<\/p>\n<p><span class=\"wpcf7-form-control-wrap\" data-name=\"datalimite\"><input class=\"wpcf7-form-control wpcf7-date wpcf7-validates-as-date\" aria-invalid=\"false\" value=\"indeterminada\" type=\"date\" name=\"datalimite\" \/><\/span>\n<\/p>\n<p align=justify><strong>Os dados a seguir n\u00e3o ser\u00e3o publicados no an\u00fancio, s\u00e3o para nosso cadastro interno.<\/strong>\n<\/p>\n<p>Nome completo do recrutador (esse campo \u00e9 obrigat\u00f3rio)\n<\/p>\n<p><span class=\"wpcf7-form-control-wrap\" data-name=\"nome_recrutador\"><input size=\"40\" maxlength=\"400\" class=\"wpcf7-form-control wpcf7-text wpcf7-validates-as-required nome_recrutador\" id=\"nome_recrutador\" aria-required=\"true\" aria-invalid=\"false\" value=\"\" type=\"text\" name=\"nome_recrutador\" \/><\/span>\n<\/p>\n<p>Nome da empresa recrutadora (obrigat\u00f3rio)\n<\/p>\n<p><span class=\"wpcf7-form-control-wrap\" data-name=\"nome_empresa\"><input size=\"40\" maxlength=\"400\" class=\"wpcf7-form-control wpcf7-text nome_empresa\" id=\"nome_empresa\" aria-invalid=\"false\" value=\"\" type=\"text\" name=\"nome_empresa\" \/><\/span>\n<\/p>\n<p>CNPJ ou CPF (esse campo \u00e9 obrigat\u00f3rio)\n<\/p>\n<p><span class=\"wpcf7-form-control-wrap\" data-name=\"cnpj_cpf\"><input size=\"40\" maxlength=\"400\" class=\"wpcf7-form-control wpcf7-text wpcf7-validates-as-required cnpj_cpf\" id=\"cnpj_cpf\" aria-required=\"true\" aria-invalid=\"false\" value=\"\" type=\"text\" name=\"cnpj_cpf\" \/><\/span><br \/>\n<span style=\"color:red\">ser\u00e1 checado<\/span>\n<\/p>\n<p>E-mail para cobran\u00e7a PagSeguro (obrigat\u00f3rio)\n<\/p>\n<p><span class=\"wpcf7-form-control-wrap\" data-name=\"cobranca-email\"><input size=\"40\" maxlength=\"400\" class=\"wpcf7-form-control wpcf7-email wpcf7-validates-as-required wpcf7-text wpcf7-validates-as-email\" aria-required=\"true\" aria-invalid=\"false\" value=\"\" type=\"email\" name=\"cobranca-email\" \/><\/span>\n<\/p>\n<p>E-mail para contato (obrigat\u00f3rio - para contatarmos voc\u00ea em caso de d\u00favidas)\n<\/p>\n<p><span class=\"wpcf7-form-control-wrap\" data-name=\"your-email\"><input size=\"40\" maxlength=\"400\" class=\"wpcf7-form-control wpcf7-email wpcf7-validates-as-required wpcf7-text wpcf7-validates-as-email\" aria-required=\"true\" aria-invalid=\"false\" value=\"\" type=\"email\" name=\"your-email\" \/><\/span>\n<\/p>\n<p><strong>Informa\u00e7\u00f5es Importantes:<\/strong>\n<\/p>\n<ul>\n\t<li style=\"text-align: justify;\">\n\t\t<p>N\u00e3o divulgamos an\u00fancios de cursos disfar\u00e7ados de vagas de emprego nem an\u00fancios de pir\u00e2mides, MMN, sistemas de \u201ctrabalhe em casa\u201d e assemelhados.\n\t\t<\/p>\n\t<\/li>\n\t<li style=\"text-align: justify;\">\n\t\t<p>De acordo com a legisla\u00e7\u00e3o vigente salientamos que n\u00e3o \u00e9 permitido fazer restri\u00e7\u00e3o a sexo, idade, estado civil e ra\u00e7a ou exigir experi\u00eancia superior a 6 meses. An\u00fancios em que houver alguma restri\u00e7\u00e3o desse tipo ser\u00e3o editados ou n\u00e3o publicados.\n\t\t<\/p>\n\t<\/li>\n\t<li style=\"text-align: justify;\">\n\t\t<p>Vagas para trabalho aut\u00f4nomo devem ser claramente identificadas como tal no corpo do an\u00fancio. N\u00f3s publicamos vagas para trabalho aut\u00f4nomo, desde que o an\u00fancio n\u00e3o tente enganar o usu\u00e1rio.\n\t\t<\/p>\n\t<\/li>\n<\/ul>\n<p><input class=\"wpcf7-form-control wpcf7-submit has-spinner\" type=\"submit\" value=\"Enviar\" \/>\n<\/p><div class=\"wpcf7-response-output\" aria-hidden=\"true\"><\/div>\n<\/form>\n<\/div>\n\n","protected":false},"excerpt":{"rendered":"<p>A publica\u00e7\u00e3o de vagas em destaque \u00e9 um servi\u00e7o opcional pago para quem deseja dar mais destaque ao seu an\u00fancio de vaga. Com o destaque [&#8230;]<\/p>\n","protected":false},"author":2,"featured_media":0,"parent":0,"menu_order":15,"comment_status":"closed","ping_status":"closed","template":"","meta":{"footnotes":""},"class_list":["post-2093","page","type-page","status-publish","hentry"],"yoast_head":"<!-- This site is optimized with the Yoast SEO plugin v27.6 - https:\/\/yoast.com\/product\/yoast-seo-wordpress\/ -->\n<title>Destacar Vaga - Vagas Paran\u00e1<\/title>\n<meta name=\"robots\" content=\"index, follow, max-snippet:-1, max-image-preview:large, max-video-preview:-1\" \/>\n<link rel=\"canonical\" href=\"https:\/\/www.vagasparana.com.br\/index.php\/destacar-vaga\/\" \/>\n<meta property=\"og:locale\" content=\"pt_BR\" \/>\n<meta property=\"og:type\" content=\"article\" \/>\n<meta property=\"og:title\" content=\"Destacar Vaga - Vagas Paran\u00e1\" \/>\n<meta property=\"og:description\" content=\"A publica\u00e7\u00e3o de vagas em destaque \u00e9 um servi\u00e7o opcional pago para quem deseja dar mais destaque ao seu an\u00fancio de vaga. Com o destaque [...]\" \/>\n<meta property=\"og:url\" content=\"https:\/\/www.vagasparana.com.br\/index.php\/destacar-vaga\/\" \/>\n<meta property=\"og:site_name\" content=\"Vagas Paran\u00e1\" \/>\n<meta property=\"article:modified_time\" content=\"2025-06-04T22:40:41+00:00\" \/>\n<meta name=\"twitter:card\" content=\"summary_large_image\" \/>\n<meta name=\"twitter:label1\" content=\"Est. tempo de leitura\" \/>\n\t<meta name=\"twitter:data1\" content=\"2 minutos\" \/>\n<script type=\"application\/ld+json\" class=\"yoast-schema-graph\">{\"@context\":\"https:\\\/\\\/schema.org\",\"@graph\":[{\"@type\":\"WebPage\",\"@id\":\"https:\\\/\\\/www.vagasparana.com.br\\\/index.php\\\/destacar-vaga\\\/\",\"url\":\"https:\\\/\\\/www.vagasparana.com.br\\\/index.php\\\/destacar-vaga\\\/\",\"name\":\"Destacar Vaga - Vagas Paran\u00e1\",\"isPartOf\":{\"@id\":\"https:\\\/\\\/www.vagasparana.com.br\\\/#website\"},\"datePublished\":\"2014-11-11T22:40:42+00:00\",\"dateModified\":\"2025-06-04T22:40:41+00:00\",\"breadcrumb\":{\"@id\":\"https:\\\/\\\/www.vagasparana.com.br\\\/index.php\\\/destacar-vaga\\\/#breadcrumb\"},\"inLanguage\":\"pt-BR\",\"potentialAction\":[{\"@type\":\"ReadAction\",\"target\":[\"https:\\\/\\\/www.vagasparana.com.br\\\/index.php\\\/destacar-vaga\\\/\"]}]},{\"@type\":\"BreadcrumbList\",\"@id\":\"https:\\\/\\\/www.vagasparana.com.br\\\/index.php\\\/destacar-vaga\\\/#breadcrumb\",\"itemListElement\":[{\"@type\":\"ListItem\",\"position\":1,\"name\":\"Home\",\"item\":\"https:\\\/\\\/www.vagasparana.com.br\\\/\"},{\"@type\":\"ListItem\",\"position\":2,\"name\":\"Destacar Vaga\"}]},{\"@type\":\"WebSite\",\"@id\":\"https:\\\/\\\/www.vagasparana.com.br\\\/#website\",\"url\":\"https:\\\/\\\/www.vagasparana.com.br\\\/\",\"name\":\"Vagas Paran\u00e1\",\"description\":\"Vagas de Emprego e Est\u00e1gio no Paran\u00e1\",\"publisher\":{\"@id\":\"https:\\\/\\\/www.vagasparana.com.br\\\/#organization\"},\"potentialAction\":[{\"@type\":\"SearchAction\",\"target\":{\"@type\":\"EntryPoint\",\"urlTemplate\":\"https:\\\/\\\/www.vagasparana.com.br\\\/?s={search_term_string}\"},\"query-input\":{\"@type\":\"PropertyValueSpecification\",\"valueRequired\":true,\"valueName\":\"search_term_string\"}}],\"inLanguage\":\"pt-BR\"},{\"@type\":\"Organization\",\"@id\":\"https:\\\/\\\/www.vagasparana.com.br\\\/#organization\",\"name\":\"Vagas Paran\u00e1\",\"url\":\"https:\\\/\\\/www.vagasparana.com.br\\\/\",\"logo\":{\"@type\":\"ImageObject\",\"inLanguage\":\"pt-BR\",\"@id\":\"https:\\\/\\\/www.vagasparana.com.br\\\/#\\\/schema\\\/logo\\\/image\\\/\",\"url\":\"https:\\\/\\\/www.vagasparana.com.br\\\/wp-content\\\/uploads\\\/2025\\\/06\\\/cropped-vpr_logo2021.jpg\",\"contentUrl\":\"https:\\\/\\\/www.vagasparana.com.br\\\/wp-content\\\/uploads\\\/2025\\\/06\\\/cropped-vpr_logo2021.jpg\",\"width\":270,\"height\":100,\"caption\":\"Vagas Paran\u00e1\"},\"image\":{\"@id\":\"https:\\\/\\\/www.vagasparana.com.br\\\/#\\\/schema\\\/logo\\\/image\\\/\"}}]}<\/script>\n<!-- \/ Yoast SEO plugin. -->","yoast_head_json":{"title":"Destacar Vaga - Vagas Paran\u00e1","robots":{"index":"index","follow":"follow","max-snippet":"max-snippet:-1","max-image-preview":"max-image-preview:large","max-video-preview":"max-video-preview:-1"},"canonical":"https:\/\/www.vagasparana.com.br\/index.php\/destacar-vaga\/","og_locale":"pt_BR","og_type":"article","og_title":"Destacar Vaga - Vagas Paran\u00e1","og_description":"A publica\u00e7\u00e3o de vagas em destaque \u00e9 um servi\u00e7o opcional pago para quem deseja dar mais destaque ao seu an\u00fancio de vaga. Com o destaque [...]","og_url":"https:\/\/www.vagasparana.com.br\/index.php\/destacar-vaga\/","og_site_name":"Vagas Paran\u00e1","article_modified_time":"2025-06-04T22:40:41+00:00","twitter_card":"summary_large_image","twitter_misc":{"Est. tempo de leitura":"2 minutos"},"schema":{"@context":"https:\/\/schema.org","@graph":[{"@type":"WebPage","@id":"https:\/\/www.vagasparana.com.br\/index.php\/destacar-vaga\/","url":"https:\/\/www.vagasparana.com.br\/index.php\/destacar-vaga\/","name":"Destacar Vaga - Vagas Paran\u00e1","isPartOf":{"@id":"https:\/\/www.vagasparana.com.br\/#website"},"datePublished":"2014-11-11T22:40:42+00:00","dateModified":"2025-06-04T22:40:41+00:00","breadcrumb":{"@id":"https:\/\/www.vagasparana.com.br\/index.php\/destacar-vaga\/#breadcrumb"},"inLanguage":"pt-BR","potentialAction":[{"@type":"ReadAction","target":["https:\/\/www.vagasparana.com.br\/index.php\/destacar-vaga\/"]}]},{"@type":"BreadcrumbList","@id":"https:\/\/www.vagasparana.com.br\/index.php\/destacar-vaga\/#breadcrumb","itemListElement":[{"@type":"ListItem","position":1,"name":"Home","item":"https:\/\/www.vagasparana.com.br\/"},{"@type":"ListItem","position":2,"name":"Destacar Vaga"}]},{"@type":"WebSite","@id":"https:\/\/www.vagasparana.com.br\/#website","url":"https:\/\/www.vagasparana.com.br\/","name":"Vagas Paran\u00e1","description":"Vagas de Emprego e Est\u00e1gio no Paran\u00e1","publisher":{"@id":"https:\/\/www.vagasparana.com.br\/#organization"},"potentialAction":[{"@type":"SearchAction","target":{"@type":"EntryPoint","urlTemplate":"https:\/\/www.vagasparana.com.br\/?s={search_term_string}"},"query-input":{"@type":"PropertyValueSpecification","valueRequired":true,"valueName":"search_term_string"}}],"inLanguage":"pt-BR"},{"@type":"Organization","@id":"https:\/\/www.vagasparana.com.br\/#organization","name":"Vagas Paran\u00e1","url":"https:\/\/www.vagasparana.com.br\/","logo":{"@type":"ImageObject","inLanguage":"pt-BR","@id":"https:\/\/www.vagasparana.com.br\/#\/schema\/logo\/image\/","url":"https:\/\/www.vagasparana.com.br\/wp-content\/uploads\/2025\/06\/cropped-vpr_logo2021.jpg","contentUrl":"https:\/\/www.vagasparana.com.br\/wp-content\/uploads\/2025\/06\/cropped-vpr_logo2021.jpg","width":270,"height":100,"caption":"Vagas Paran\u00e1"},"image":{"@id":"https:\/\/www.vagasparana.com.br\/#\/schema\/logo\/image\/"}}]}},"_links":{"self":[{"href":"https:\/\/www.vagasparana.com.br\/index.php\/wp-json\/wp\/v2\/pages\/2093","targetHints":{"allow":["GET"]}}],"collection":[{"href":"https:\/\/www.vagasparana.com.br\/index.php\/wp-json\/wp\/v2\/pages"}],"about":[{"href":"https:\/\/www.vagasparana.com.br\/index.php\/wp-json\/wp\/v2\/types\/page"}],"author":[{"embeddable":true,"href":"https:\/\/www.vagasparana.com.br\/index.php\/wp-json\/wp\/v2\/users\/2"}],"replies":[{"embeddable":true,"href":"https:\/\/www.vagasparana.com.br\/index.php\/wp-json\/wp\/v2\/comments?post=2093"}],"version-history":[{"count":3,"href":"https:\/\/www.vagasparana.com.br\/index.php\/wp-json\/wp\/v2\/pages\/2093\/revisions"}],"predecessor-version":[{"id":42587,"href":"https:\/\/www.vagasparana.com.br\/index.php\/wp-json\/wp\/v2\/pages\/2093\/revisions\/42587"}],"wp:attachment":[{"href":"https:\/\/www.vagasparana.com.br\/index.php\/wp-json\/wp\/v2\/media?parent=2093"}],"curies":[{"name":"wp","href":"https:\/\/api.w.org\/{rel}","templated":true}]}}