{"id":25932,"date":"2020-08-06T14:54:58","date_gmt":"2020-08-06T17:54:58","guid":{"rendered":"https:\/\/www.vagasparana.com.br\/?page_id=25932"},"modified":"2020-08-06T14:54:58","modified_gmt":"2020-08-06T17:54:58","slug":"remover-vaga","status":"publish","type":"page","link":"https:\/\/www.vagasparana.com.br\/index.php\/remover-vaga\/","title":{"rendered":"Remover Vaga"},"content":{"rendered":"<p style=\"text-align: justify;\">Para solicitar o cancelamento da divulga\u00e7\u00e3o de uma vaga que voc\u00ea enviou basta usar o formul\u00e1rio abaixo e realizaremos o cancelamento em no m\u00e1ximo 24 horas.<\/p>\n<p style=\"text-align: justify;\">Conv\u00e9m esclarecer que por quest\u00f5es t\u00e9cnicas o an\u00fancio n\u00e3o \u00e9 totalmente exclu\u00eddo, ele \u00e9 alterado, as informa\u00e7\u00f5es para envio de curr\u00edculo s\u00e3o removidas e \u00e9 inserida no lugar uma mensagem destacada informando que a vaga foi cancelada ou preenchida, conforme o caso.<\/p>\n<p style=\"text-align: justify;\">Em caso de emerg\u00eancia, como por exemplo uma vaga que precisa ser corrigida ou removida com urg\u00eancia, voc\u00ea pode contatar-nos pelo <a href=\"https:\/\/t.me\/oficialvagasbr\">Telegram<\/a>. Pedimos que use essa forma de contato <span style=\"color: #ff0000;\"><strong>apenas para emerg\u00eancias<\/strong><\/span> e n\u00e3o para a divulga\u00e7\u00e3o normal de vagas.<\/p>\n<p class=\"wpcf7-contact-form-not-found\"><strong>Erro:<\/strong> Formul\u00e1rio de contato n\u00e3o encontrado.<\/p>\n","protected":false},"excerpt":{"rendered":"<p>Para solicitar o cancelamento da divulga\u00e7\u00e3o de uma vaga que voc\u00ea enviou basta usar o formul\u00e1rio abaixo e realizaremos o cancelamento em no m\u00e1ximo 24 [&#8230;]<\/p>\n","protected":false},"author":3,"featured_media":0,"parent":0,"menu_order":0,"comment_status":"closed","ping_status":"closed","template":"","meta":{"footnotes":""},"class_list":["post-25932","page","type-page","status-publish","hentry"],"yoast_head":"<!-- This site is optimized with the Yoast SEO plugin v27.5 - https:\/\/yoast.com\/product\/yoast-seo-wordpress\/ -->\n<title>Remover Vaga - Vagas Paran\u00e1<\/title>\n<meta name=\"robots\" content=\"index, follow, max-snippet:-1, max-image-preview:large, max-video-preview:-1\" \/>\n<link rel=\"canonical\" href=\"https:\/\/www.vagasparana.com.br\/index.php\/remover-vaga\/\" \/>\n<meta property=\"og:locale\" content=\"pt_BR\" \/>\n<meta property=\"og:type\" content=\"article\" \/>\n<meta property=\"og:title\" content=\"Remover Vaga - Vagas Paran\u00e1\" \/>\n<meta property=\"og:description\" content=\"Para solicitar o cancelamento da divulga\u00e7\u00e3o de uma vaga que voc\u00ea enviou basta usar o formul\u00e1rio abaixo e realizaremos o cancelamento em no m\u00e1ximo 24 [...]\" \/>\n<meta property=\"og:url\" content=\"https:\/\/www.vagasparana.com.br\/index.php\/remover-vaga\/\" \/>\n<meta property=\"og:site_name\" content=\"Vagas Paran\u00e1\" \/>\n<meta name=\"twitter:card\" content=\"summary_large_image\" \/>\n<meta name=\"twitter:label1\" content=\"Est. tempo de leitura\" \/>\n\t<meta name=\"twitter:data1\" content=\"1 minuto\" \/>\n<script type=\"application\/ld+json\" class=\"yoast-schema-graph\">{\"@context\":\"https:\\\/\\\/schema.org\",\"@graph\":[{\"@type\":\"WebPage\",\"@id\":\"https:\\\/\\\/www.vagasparana.com.br\\\/index.php\\\/remover-vaga\\\/\",\"url\":\"https:\\\/\\\/www.vagasparana.com.br\\\/index.php\\\/remover-vaga\\\/\",\"name\":\"Remover Vaga - Vagas Paran\u00e1\",\"isPartOf\":{\"@id\":\"https:\\\/\\\/www.vagasparana.com.br\\\/#website\"},\"datePublished\":\"2020-08-06T17:54:58+00:00\",\"breadcrumb\":{\"@id\":\"https:\\\/\\\/www.vagasparana.com.br\\\/index.php\\\/remover-vaga\\\/#breadcrumb\"},\"inLanguage\":\"pt-BR\",\"potentialAction\":[{\"@type\":\"ReadAction\",\"target\":[\"https:\\\/\\\/www.vagasparana.com.br\\\/index.php\\\/remover-vaga\\\/\"]}]},{\"@type\":\"BreadcrumbList\",\"@id\":\"https:\\\/\\\/www.vagasparana.com.br\\\/index.php\\\/remover-vaga\\\/#breadcrumb\",\"itemListElement\":[{\"@type\":\"ListItem\",\"position\":1,\"name\":\"Home\",\"item\":\"https:\\\/\\\/www.vagasparana.com.br\\\/\"},{\"@type\":\"ListItem\",\"position\":2,\"name\":\"Remover Vaga\"}]},{\"@type\":\"WebSite\",\"@id\":\"https:\\\/\\\/www.vagasparana.com.br\\\/#website\",\"url\":\"https:\\\/\\\/www.vagasparana.com.br\\\/\",\"name\":\"Vagas Paran\u00e1\",\"description\":\"Vagas de Emprego e Est\u00e1gio no Paran\u00e1\",\"publisher\":{\"@id\":\"https:\\\/\\\/www.vagasparana.com.br\\\/#organization\"},\"potentialAction\":[{\"@type\":\"SearchAction\",\"target\":{\"@type\":\"EntryPoint\",\"urlTemplate\":\"https:\\\/\\\/www.vagasparana.com.br\\\/?s={search_term_string}\"},\"query-input\":{\"@type\":\"PropertyValueSpecification\",\"valueRequired\":true,\"valueName\":\"search_term_string\"}}],\"inLanguage\":\"pt-BR\"},{\"@type\":\"Organization\",\"@id\":\"https:\\\/\\\/www.vagasparana.com.br\\\/#organization\",\"name\":\"Vagas Paran\u00e1\",\"url\":\"https:\\\/\\\/www.vagasparana.com.br\\\/\",\"logo\":{\"@type\":\"ImageObject\",\"inLanguage\":\"pt-BR\",\"@id\":\"https:\\\/\\\/www.vagasparana.com.br\\\/#\\\/schema\\\/logo\\\/image\\\/\",\"url\":\"https:\\\/\\\/www.vagasparana.com.br\\\/wp-content\\\/uploads\\\/2025\\\/06\\\/cropped-vpr_logo2021.jpg\",\"contentUrl\":\"https:\\\/\\\/www.vagasparana.com.br\\\/wp-content\\\/uploads\\\/2025\\\/06\\\/cropped-vpr_logo2021.jpg\",\"width\":270,\"height\":100,\"caption\":\"Vagas Paran\u00e1\"},\"image\":{\"@id\":\"https:\\\/\\\/www.vagasparana.com.br\\\/#\\\/schema\\\/logo\\\/image\\\/\"}}]}<\/script>\n<!-- \/ Yoast SEO plugin. -->","yoast_head_json":{"title":"Remover Vaga - Vagas Paran\u00e1","robots":{"index":"index","follow":"follow","max-snippet":"max-snippet:-1","max-image-preview":"max-image-preview:large","max-video-preview":"max-video-preview:-1"},"canonical":"https:\/\/www.vagasparana.com.br\/index.php\/remover-vaga\/","og_locale":"pt_BR","og_type":"article","og_title":"Remover Vaga - Vagas Paran\u00e1","og_description":"Para solicitar o cancelamento da divulga\u00e7\u00e3o de uma vaga que voc\u00ea enviou basta usar o formul\u00e1rio abaixo e realizaremos o cancelamento em no m\u00e1ximo 24 [...]","og_url":"https:\/\/www.vagasparana.com.br\/index.php\/remover-vaga\/","og_site_name":"Vagas Paran\u00e1","twitter_card":"summary_large_image","twitter_misc":{"Est. tempo de leitura":"1 minuto"},"schema":{"@context":"https:\/\/schema.org","@graph":[{"@type":"WebPage","@id":"https:\/\/www.vagasparana.com.br\/index.php\/remover-vaga\/","url":"https:\/\/www.vagasparana.com.br\/index.php\/remover-vaga\/","name":"Remover Vaga - Vagas Paran\u00e1","isPartOf":{"@id":"https:\/\/www.vagasparana.com.br\/#website"},"datePublished":"2020-08-06T17:54:58+00:00","breadcrumb":{"@id":"https:\/\/www.vagasparana.com.br\/index.php\/remover-vaga\/#breadcrumb"},"inLanguage":"pt-BR","potentialAction":[{"@type":"ReadAction","target":["https:\/\/www.vagasparana.com.br\/index.php\/remover-vaga\/"]}]},{"@type":"BreadcrumbList","@id":"https:\/\/www.vagasparana.com.br\/index.php\/remover-vaga\/#breadcrumb","itemListElement":[{"@type":"ListItem","position":1,"name":"Home","item":"https:\/\/www.vagasparana.com.br\/"},{"@type":"ListItem","position":2,"name":"Remover Vaga"}]},{"@type":"WebSite","@id":"https:\/\/www.vagasparana.com.br\/#website","url":"https:\/\/www.vagasparana.com.br\/","name":"Vagas Paran\u00e1","description":"Vagas de Emprego e Est\u00e1gio no Paran\u00e1","publisher":{"@id":"https:\/\/www.vagasparana.com.br\/#organization"},"potentialAction":[{"@type":"SearchAction","target":{"@type":"EntryPoint","urlTemplate":"https:\/\/www.vagasparana.com.br\/?s={search_term_string}"},"query-input":{"@type":"PropertyValueSpecification","valueRequired":true,"valueName":"search_term_string"}}],"inLanguage":"pt-BR"},{"@type":"Organization","@id":"https:\/\/www.vagasparana.com.br\/#organization","name":"Vagas Paran\u00e1","url":"https:\/\/www.vagasparana.com.br\/","logo":{"@type":"ImageObject","inLanguage":"pt-BR","@id":"https:\/\/www.vagasparana.com.br\/#\/schema\/logo\/image\/","url":"https:\/\/www.vagasparana.com.br\/wp-content\/uploads\/2025\/06\/cropped-vpr_logo2021.jpg","contentUrl":"https:\/\/www.vagasparana.com.br\/wp-content\/uploads\/2025\/06\/cropped-vpr_logo2021.jpg","width":270,"height":100,"caption":"Vagas Paran\u00e1"},"image":{"@id":"https:\/\/www.vagasparana.com.br\/#\/schema\/logo\/image\/"}}]}},"_links":{"self":[{"href":"https:\/\/www.vagasparana.com.br\/index.php\/wp-json\/wp\/v2\/pages\/25932","targetHints":{"allow":["GET"]}}],"collection":[{"href":"https:\/\/www.vagasparana.com.br\/index.php\/wp-json\/wp\/v2\/pages"}],"about":[{"href":"https:\/\/www.vagasparana.com.br\/index.php\/wp-json\/wp\/v2\/types\/page"}],"author":[{"embeddable":true,"href":"https:\/\/www.vagasparana.com.br\/index.php\/wp-json\/wp\/v2\/users\/3"}],"replies":[{"embeddable":true,"href":"https:\/\/www.vagasparana.com.br\/index.php\/wp-json\/wp\/v2\/comments?post=25932"}],"version-history":[{"count":0,"href":"https:\/\/www.vagasparana.com.br\/index.php\/wp-json\/wp\/v2\/pages\/25932\/revisions"}],"wp:attachment":[{"href":"https:\/\/www.vagasparana.com.br\/index.php\/wp-json\/wp\/v2\/media?parent=25932"}],"curies":[{"name":"wp","href":"https:\/\/api.w.org\/{rel}","templated":true}]}}