{"id":435,"date":"2012-09-08T15:47:49","date_gmt":"2012-09-08T18:47:49","guid":{"rendered":"http:\/\/www.vagasparana.com.br\/?page_id=435"},"modified":"2025-06-04T19:56:17","modified_gmt":"2025-06-04T22:56:17","slug":"fale-conosco","status":"publish","type":"page","link":"https:\/\/www.vagasparana.com.br\/index.php\/fale-conosco\/","title":{"rendered":"Contato"},"content":{"rendered":"\n<div class=\"wpcf7 no-js\" id=\"wpcf7-f42591-o1\" lang=\"pt-BR\" dir=\"ltr\" data-wpcf7-id=\"42591\">\n<div class=\"screen-reader-response\"><p role=\"status\" aria-live=\"polite\" aria-atomic=\"true\"><\/p> <ul><\/ul><\/div>\n<form action=\"\/index.php\/wp-json\/wp\/v2\/pages\/435#wpcf7-f42591-o1\" method=\"post\" class=\"wpcf7-form init\" aria-label=\"Formul\u00e1rios de contato\" novalidate=\"novalidate\" data-status=\"init\">\n<fieldset class=\"hidden-fields-container\"><input type=\"hidden\" name=\"_wpcf7\" value=\"42591\" \/><input type=\"hidden\" name=\"_wpcf7_version\" value=\"6.1.5\" \/><input type=\"hidden\" name=\"_wpcf7_locale\" value=\"pt_BR\" \/><input type=\"hidden\" name=\"_wpcf7_unit_tag\" value=\"wpcf7-f42591-o1\" \/><input type=\"hidden\" name=\"_wpcf7_container_post\" value=\"0\" \/><input type=\"hidden\" name=\"_wpcf7_posted_data_hash\" value=\"\" \/><input type=\"hidden\" name=\"_wpcf7_recaptcha_response\" value=\"\" \/>\n<\/fieldset>\n<p>Seu nome (obrigat\u00f3rio)\n<\/p>\n<p><span class=\"wpcf7-form-control-wrap\" data-name=\"your-name\"><input size=\"40\" maxlength=\"400\" class=\"wpcf7-form-control wpcf7-text wpcf7-validates-as-required\" aria-required=\"true\" aria-invalid=\"false\" value=\"\" type=\"text\" name=\"your-name\" \/><\/span>\n<\/p>\n<p>Seu e-mail (obrigat\u00f3rio)\n<\/p>\n<p><span class=\"wpcf7-form-control-wrap\" data-name=\"your-email\"><input size=\"40\" maxlength=\"400\" class=\"wpcf7-form-control wpcf7-email wpcf7-validates-as-required wpcf7-text wpcf7-validates-as-email\" aria-required=\"true\" aria-invalid=\"false\" value=\"\" type=\"email\" name=\"your-email\" \/><\/span>\n<\/p>\n<p>Assunto\n<\/p>\n<p><span class=\"wpcf7-form-control-wrap\" data-name=\"your-subject\"><input size=\"40\" maxlength=\"400\" class=\"wpcf7-form-control wpcf7-text\" aria-invalid=\"false\" value=\"\" type=\"text\" name=\"your-subject\" \/><\/span>\n<\/p>\n<p>Sua mensagem\n<\/p>\n<p><span class=\"wpcf7-form-control-wrap\" data-name=\"your-message\"><textarea cols=\"40\" rows=\"10\" maxlength=\"2000\" class=\"wpcf7-form-control wpcf7-textarea\" aria-invalid=\"false\" name=\"your-message\"><\/textarea><\/span>\n<\/p>\n<p><span class=\"wpcf7-form-control-wrap\" data-name=\"quiz-416\"><label><span class=\"wpcf7-quiz-label\">Quanto \u00e9 2 - 1?<\/span> <input size=\"40\" class=\"wpcf7-form-control wpcf7-quiz\" autocomplete=\"off\" aria-required=\"true\" aria-invalid=\"false\" type=\"text\" name=\"quiz-416\" \/><\/label><input type=\"hidden\" name=\"_wpcf7_quiz_answer_quiz-416\" value=\"af64cb53bf9c37f69108b71fc612745c\" \/><\/span>\n<\/p>\n<p><input class=\"wpcf7-form-control wpcf7-submit has-spinner\" type=\"submit\" value=\"Enviar\" \/>\n<\/p><div class=\"wpcf7-response-output\" aria-hidden=\"true\"><\/div>\n<\/form>\n<\/div>\n\n","protected":false},"excerpt":{"rendered":"","protected":false},"author":2,"featured_media":0,"parent":0,"menu_order":25,"comment_status":"closed","ping_status":"closed","template":"","meta":{"footnotes":""},"class_list":["post-435","page","type-page","status-publish","hentry"],"yoast_head":"<!-- This site is optimized with the Yoast SEO plugin v27.5 - https:\/\/yoast.com\/product\/yoast-seo-wordpress\/ -->\n<title>Contato - Vagas Paran\u00e1<\/title>\n<meta name=\"robots\" content=\"index, follow, max-snippet:-1, max-image-preview:large, max-video-preview:-1\" \/>\n<link rel=\"canonical\" href=\"https:\/\/www.vagasparana.com.br\/index.php\/fale-conosco\/\" \/>\n<meta property=\"og:locale\" content=\"pt_BR\" \/>\n<meta property=\"og:type\" content=\"article\" \/>\n<meta property=\"og:title\" content=\"Contato - Vagas Paran\u00e1\" \/>\n<meta property=\"og:url\" content=\"https:\/\/www.vagasparana.com.br\/index.php\/fale-conosco\/\" \/>\n<meta property=\"og:site_name\" content=\"Vagas Paran\u00e1\" \/>\n<meta property=\"article:modified_time\" content=\"2025-06-04T22:56:17+00:00\" \/>\n<meta name=\"twitter:card\" content=\"summary_large_image\" \/>\n<meta name=\"twitter:label1\" content=\"Est. tempo de leitura\" \/>\n\t<meta name=\"twitter:data1\" content=\"1 minuto\" \/>\n<script type=\"application\/ld+json\" class=\"yoast-schema-graph\">{\"@context\":\"https:\\\/\\\/schema.org\",\"@graph\":[{\"@type\":\"WebPage\",\"@id\":\"https:\\\/\\\/www.vagasparana.com.br\\\/index.php\\\/fale-conosco\\\/\",\"url\":\"https:\\\/\\\/www.vagasparana.com.br\\\/index.php\\\/fale-conosco\\\/\",\"name\":\"Contato - Vagas Paran\u00e1\",\"isPartOf\":{\"@id\":\"https:\\\/\\\/www.vagasparana.com.br\\\/#website\"},\"datePublished\":\"2012-09-08T18:47:49+00:00\",\"dateModified\":\"2025-06-04T22:56:17+00:00\",\"breadcrumb\":{\"@id\":\"https:\\\/\\\/www.vagasparana.com.br\\\/index.php\\\/fale-conosco\\\/#breadcrumb\"},\"inLanguage\":\"pt-BR\",\"potentialAction\":[{\"@type\":\"ReadAction\",\"target\":[\"https:\\\/\\\/www.vagasparana.com.br\\\/index.php\\\/fale-conosco\\\/\"]}]},{\"@type\":\"BreadcrumbList\",\"@id\":\"https:\\\/\\\/www.vagasparana.com.br\\\/index.php\\\/fale-conosco\\\/#breadcrumb\",\"itemListElement\":[{\"@type\":\"ListItem\",\"position\":1,\"name\":\"Home\",\"item\":\"https:\\\/\\\/www.vagasparana.com.br\\\/\"},{\"@type\":\"ListItem\",\"position\":2,\"name\":\"Contato\"}]},{\"@type\":\"WebSite\",\"@id\":\"https:\\\/\\\/www.vagasparana.com.br\\\/#website\",\"url\":\"https:\\\/\\\/www.vagasparana.com.br\\\/\",\"name\":\"Vagas Paran\u00e1\",\"description\":\"Vagas de Emprego e Est\u00e1gio no Paran\u00e1\",\"publisher\":{\"@id\":\"https:\\\/\\\/www.vagasparana.com.br\\\/#organization\"},\"potentialAction\":[{\"@type\":\"SearchAction\",\"target\":{\"@type\":\"EntryPoint\",\"urlTemplate\":\"https:\\\/\\\/www.vagasparana.com.br\\\/?s={search_term_string}\"},\"query-input\":{\"@type\":\"PropertyValueSpecification\",\"valueRequired\":true,\"valueName\":\"search_term_string\"}}],\"inLanguage\":\"pt-BR\"},{\"@type\":\"Organization\",\"@id\":\"https:\\\/\\\/www.vagasparana.com.br\\\/#organization\",\"name\":\"Vagas Paran\u00e1\",\"url\":\"https:\\\/\\\/www.vagasparana.com.br\\\/\",\"logo\":{\"@type\":\"ImageObject\",\"inLanguage\":\"pt-BR\",\"@id\":\"https:\\\/\\\/www.vagasparana.com.br\\\/#\\\/schema\\\/logo\\\/image\\\/\",\"url\":\"https:\\\/\\\/www.vagasparana.com.br\\\/wp-content\\\/uploads\\\/2025\\\/06\\\/cropped-vpr_logo2021.jpg\",\"contentUrl\":\"https:\\\/\\\/www.vagasparana.com.br\\\/wp-content\\\/uploads\\\/2025\\\/06\\\/cropped-vpr_logo2021.jpg\",\"width\":270,\"height\":100,\"caption\":\"Vagas Paran\u00e1\"},\"image\":{\"@id\":\"https:\\\/\\\/www.vagasparana.com.br\\\/#\\\/schema\\\/logo\\\/image\\\/\"}}]}<\/script>\n<!-- \/ Yoast SEO plugin. -->","yoast_head_json":{"title":"Contato - Vagas Paran\u00e1","robots":{"index":"index","follow":"follow","max-snippet":"max-snippet:-1","max-image-preview":"max-image-preview:large","max-video-preview":"max-video-preview:-1"},"canonical":"https:\/\/www.vagasparana.com.br\/index.php\/fale-conosco\/","og_locale":"pt_BR","og_type":"article","og_title":"Contato - Vagas Paran\u00e1","og_url":"https:\/\/www.vagasparana.com.br\/index.php\/fale-conosco\/","og_site_name":"Vagas Paran\u00e1","article_modified_time":"2025-06-04T22:56:17+00:00","twitter_card":"summary_large_image","twitter_misc":{"Est. tempo de leitura":"1 minuto"},"schema":{"@context":"https:\/\/schema.org","@graph":[{"@type":"WebPage","@id":"https:\/\/www.vagasparana.com.br\/index.php\/fale-conosco\/","url":"https:\/\/www.vagasparana.com.br\/index.php\/fale-conosco\/","name":"Contato - Vagas Paran\u00e1","isPartOf":{"@id":"https:\/\/www.vagasparana.com.br\/#website"},"datePublished":"2012-09-08T18:47:49+00:00","dateModified":"2025-06-04T22:56:17+00:00","breadcrumb":{"@id":"https:\/\/www.vagasparana.com.br\/index.php\/fale-conosco\/#breadcrumb"},"inLanguage":"pt-BR","potentialAction":[{"@type":"ReadAction","target":["https:\/\/www.vagasparana.com.br\/index.php\/fale-conosco\/"]}]},{"@type":"BreadcrumbList","@id":"https:\/\/www.vagasparana.com.br\/index.php\/fale-conosco\/#breadcrumb","itemListElement":[{"@type":"ListItem","position":1,"name":"Home","item":"https:\/\/www.vagasparana.com.br\/"},{"@type":"ListItem","position":2,"name":"Contato"}]},{"@type":"WebSite","@id":"https:\/\/www.vagasparana.com.br\/#website","url":"https:\/\/www.vagasparana.com.br\/","name":"Vagas Paran\u00e1","description":"Vagas de Emprego e Est\u00e1gio no Paran\u00e1","publisher":{"@id":"https:\/\/www.vagasparana.com.br\/#organization"},"potentialAction":[{"@type":"SearchAction","target":{"@type":"EntryPoint","urlTemplate":"https:\/\/www.vagasparana.com.br\/?s={search_term_string}"},"query-input":{"@type":"PropertyValueSpecification","valueRequired":true,"valueName":"search_term_string"}}],"inLanguage":"pt-BR"},{"@type":"Organization","@id":"https:\/\/www.vagasparana.com.br\/#organization","name":"Vagas Paran\u00e1","url":"https:\/\/www.vagasparana.com.br\/","logo":{"@type":"ImageObject","inLanguage":"pt-BR","@id":"https:\/\/www.vagasparana.com.br\/#\/schema\/logo\/image\/","url":"https:\/\/www.vagasparana.com.br\/wp-content\/uploads\/2025\/06\/cropped-vpr_logo2021.jpg","contentUrl":"https:\/\/www.vagasparana.com.br\/wp-content\/uploads\/2025\/06\/cropped-vpr_logo2021.jpg","width":270,"height":100,"caption":"Vagas Paran\u00e1"},"image":{"@id":"https:\/\/www.vagasparana.com.br\/#\/schema\/logo\/image\/"}}]}},"_links":{"self":[{"href":"https:\/\/www.vagasparana.com.br\/index.php\/wp-json\/wp\/v2\/pages\/435","targetHints":{"allow":["GET"]}}],"collection":[{"href":"https:\/\/www.vagasparana.com.br\/index.php\/wp-json\/wp\/v2\/pages"}],"about":[{"href":"https:\/\/www.vagasparana.com.br\/index.php\/wp-json\/wp\/v2\/types\/page"}],"author":[{"embeddable":true,"href":"https:\/\/www.vagasparana.com.br\/index.php\/wp-json\/wp\/v2\/users\/2"}],"replies":[{"embeddable":true,"href":"https:\/\/www.vagasparana.com.br\/index.php\/wp-json\/wp\/v2\/comments?post=435"}],"version-history":[{"count":1,"href":"https:\/\/www.vagasparana.com.br\/index.php\/wp-json\/wp\/v2\/pages\/435\/revisions"}],"predecessor-version":[{"id":42592,"href":"https:\/\/www.vagasparana.com.br\/index.php\/wp-json\/wp\/v2\/pages\/435\/revisions\/42592"}],"wp:attachment":[{"href":"https:\/\/www.vagasparana.com.br\/index.php\/wp-json\/wp\/v2\/media?parent=435"}],"curies":[{"name":"wp","href":"https:\/\/api.w.org\/{rel}","templated":true}]}}